{"id":2,"date":"2008-10-06T22:15:43","date_gmt":"2008-10-06T20:15:43","guid":{"rendered":"http:\/\/www.moiroud.net\/roger\/?page_id=2"},"modified":"2010-11-14T22:30:36","modified_gmt":"2010-11-14T21:30:36","slug":"a-propos","status":"publish","type":"page","link":"http:\/\/roger.moiroud.net\/?page_id=2","title":{"rendered":"\u00c0 propos"},"content":{"rendered":"<p>Ce blog pr\u00e9sente les actualit\u00e9s li\u00e9es aux enqu\u00eates du commissaire F\u00e9ra, personnage r\u00e9curent cr\u00e9\u00e9 par Roger Moiroud.<\/p>\n","protected":false},"excerpt":{"rendered":"<p>Ce blog pr\u00e9sente les actualit\u00e9s li\u00e9es aux enqu\u00eates du commissaire F\u00e9ra, personnage r\u00e9curent cr\u00e9\u00e9 par Roger Moiroud.<\/p>\n","protected":false},"author":1,"featured_media":0,"parent":0,"menu_order":0,"comment_status":"open","ping_status":"open","template":"","meta":{"spay_email":""},"jetpack_sharing_enabled":true,"jetpack_shortlink":"https:\/\/wp.me\/P7s6nz-2","_links":{"self":[{"href":"http:\/\/roger.moiroud.net\/index.php?rest_route=\/wp\/v2\/pages\/2"}],"collection":[{"href":"http:\/\/roger.moiroud.net\/index.php?rest_route=\/wp\/v2\/pages"}],"about":[{"href":"http:\/\/roger.moiroud.net\/index.php?rest_route=\/wp\/v2\/types\/page"}],"author":[{"embeddable":true,"href":"http:\/\/roger.moiroud.net\/index.php?rest_route=\/wp\/v2\/users\/1"}],"replies":[{"embeddable":true,"href":"http:\/\/roger.moiroud.net\/index.php?rest_route=%2Fwp%2Fv2%2Fcomments&post=2"}],"version-history":[{"count":4,"href":"http:\/\/roger.moiroud.net\/index.php?rest_route=\/wp\/v2\/pages\/2\/revisions"}],"predecessor-version":[{"id":250,"href":"http:\/\/roger.moiroud.net\/index.php?rest_route=\/wp\/v2\/pages\/2\/revisions\/250"}],"wp:attachment":[{"href":"http:\/\/roger.moiroud.net\/index.php?rest_route=%2Fwp%2Fv2%2Fmedia&parent=2"}],"curies":[{"name":"wp","href":"https:\/\/api.w.org\/{rel}","templated":true}]}}